{"id":2,"date":"2014-07-25T20:55:05","date_gmt":"2014-07-25T18:55:05","guid":{"rendered":"http:\/\/www.koivuniemi.info\/eppulit\/?page_id=2"},"modified":"2025-01-06T11:56:06","modified_gmt":"2025-01-06T09:56:06","slug":"yhteys","status":"publish","type":"page","link":"https:\/\/www.eppulit.fi\/?page_id=2","title":{"rendered":"Yhteystiedot"},"content":{"rendered":"<h4>Eppuleiden puheenjohtajana toimii Piritta Salminen<\/h4>\n<h5 class=\"p1\"><span class=\"s1\">Yhteydenotot joko <a href=\"mailto:piritta_salminen@hotmail.com\">piritta_salminen@hotmail.com<\/a><\/span><span class=\"s2\">&nbsp; tai puhelimitse<\/span> o4o 418718o<\/h5>\n<h4>&nbsp;<\/h4>\n<h4><strong>sihteerin\u00e4 toimii Teija Pitk\u00e4kangas<\/strong><\/h4>\n<h5>&nbsp;<\/h5>\n<h5><strong>Yleinen posti Eppuleille osoitteeseen<\/strong>: <a href=\"mailto:eppulit@gmail.com\">eppulit@gmail.com<\/a><\/h5>\n<h4>Eppulit tiedottaa aktiivisesti j\u00e4senkirjeill\u00e4 ja yleisesti toiminnastaan <a title=\"https:\/\/www.facebook.com\/eppulit\" href=\"https:\/\/www.facebook.com\/eppulit\" target=\"_blank\" rel=\"noopener noreferrer\">Facebookissa!<\/a><\/h4>\n","protected":false},"excerpt":{"rendered":"<p>Eppuleiden puheenjohtajana toimii Piritta Salminen Yhteydenotot joko piritta_salminen@hotmail.com&nbsp; tai puhelimitse o4o 418718o &nbsp; sihteerin\u00e4 toimii Teija Pitk\u00e4kangas &nbsp; Yleinen posti Eppuleille osoitteeseen: eppulit@gmail.com Eppulit tiedottaa aktiivisesti j\u00e4senkirjeill\u00e4 ja yleisesti toiminnastaan Facebookissa!<\/p>\n","protected":false},"author":1,"featured_media":0,"parent":0,"menu_order":0,"comment_status":"closed","ping_status":"closed","template":"","meta":{"ngg_post_thumbnail":0,"footnotes":""},"class_list":["post-2","page","type-page","status-publish","hentry"],"_links":{"self":[{"href":"https:\/\/www.eppulit.fi\/index.php?rest_route=\/wp\/v2\/pages\/2","targetHints":{"allow":["GET"]}}],"collection":[{"href":"https:\/\/www.eppulit.fi\/index.php?rest_route=\/wp\/v2\/pages"}],"about":[{"href":"https:\/\/www.eppulit.fi\/index.php?rest_route=\/wp\/v2\/types\/page"}],"author":[{"embeddable":true,"href":"https:\/\/www.eppulit.fi\/index.php?rest_route=\/wp\/v2\/users\/1"}],"replies":[{"embeddable":true,"href":"https:\/\/www.eppulit.fi\/index.php?rest_route=%2Fwp%2Fv2%2Fcomments&post=2"}],"version-history":[{"count":22,"href":"https:\/\/www.eppulit.fi\/index.php?rest_route=\/wp\/v2\/pages\/2\/revisions"}],"predecessor-version":[{"id":238,"href":"https:\/\/www.eppulit.fi\/index.php?rest_route=\/wp\/v2\/pages\/2\/revisions\/238"}],"wp:attachment":[{"href":"https:\/\/www.eppulit.fi\/index.php?rest_route=%2Fwp%2Fv2%2Fmedia&parent=2"}],"curies":[{"name":"wp","href":"https:\/\/api.w.org\/{rel}","templated":true}]}}