{"id":20,"date":"2014-12-13T22:16:31","date_gmt":"2014-12-13T20:16:31","guid":{"rendered":"http:\/\/www.eppulit.fi\/?page_id=20"},"modified":"2026-01-26T18:23:49","modified_gmt":"2026-01-26T16:23:49","slug":"eppulit","status":"publish","type":"page","link":"https:\/\/www.eppulit.fi\/","title":{"rendered":"Eppulit"},"content":{"rendered":"<p>Pohjanmaan Sy\u00f6p\u00e4yhdistykseen kuuluva virallinen perhekerho Eppulit tarjoaa tukea ja toimintaa lapsuusi\u00e4ss\u00e4 sy\u00f6p\u00e4\u00e4n sairastuneille lapsille ja heid\u00e4n perheille. Eppulit palvelee j\u00e4senperheit\u00e4 Pohjanmaan, Etel\u00e4-Pohjanmaan ja Keski-Pohjanmaan alueella. Alueella sairastuu vuosittain 15-20 uutta lasta sy\u00f6p\u00e4\u00e4n.<\/p>\n<p>Eppulit-kerho perustettiin sy\u00f6p\u00e4\u00e4n sairastuneiden lasten vanhempien toimesta vuonna 1982. Toimintaa on ollut tauotta jo yli 40 vuoden ajan. J\u00e4senperheit\u00e4 on t\u00e4ll\u00e4 hetkell\u00e4 vajaa 100. Eppulit ei ker\u00e4\u00e4 omaa j\u00e4senmaksua. J\u00e4seneksi Eppuleihin p\u00e4\u00e4sev\u00e4t perheet, joissa on kotona asuva lapsuusi\u00e4ss\u00e4 sy\u00f6p\u00e4\u00e4n sairastunut lapsi.&nbsp; Eppulien j\u00e4senyys tulee heille Pohjanmaan Sy\u00f6p\u00e4yhdistyksen j\u00e4senyyden kautta.<\/p>\n<p>Toimintaa j\u00e4rjestet\u00e4\u00e4n aktiivisesti ja se on tarkoitettu koko j\u00e4senperheelle. J\u00e4senist\u00f6n keskuudesta valittu kerhotoimikunta vastaa toiminnan j\u00e4rjest\u00e4misest\u00e4 vapaaehtoisvoimin.<\/p>\n<p>&nbsp;<\/p>\n<hr>\n<h4>Eppulit tiedottaa yleisesti toiminnastaan Facebookissa<\/h4>\n<p><a href=\"https:\/\/www.facebook.com\/eppulit\">https:\/\/www.facebook.com\/eppulit<\/a><\/p>\n<p>&nbsp;<\/p>\n","protected":false},"excerpt":{"rendered":"<p>Pohjanmaan Sy\u00f6p\u00e4yhdistykseen kuuluva virallinen perhekerho Eppulit tarjoaa tukea ja toimintaa lapsuusi\u00e4ss\u00e4 sy\u00f6p\u00e4\u00e4n sairastuneille lapsille ja heid\u00e4n perheille. Eppulit palvelee j\u00e4senperheit\u00e4 Pohjanmaan, Etel\u00e4-Pohjanmaan ja Keski-Pohjanmaan alueella. Alueella sairastuu vuosittain 15-20 uutta lasta sy\u00f6p\u00e4\u00e4n. Eppulit-kerho perustettiin sy\u00f6p\u00e4\u00e4n sairastuneiden lasten vanhempien toimesta vuonna 1982. Toimintaa on ollut tauotta jo yli 40 vuoden ajan. J\u00e4senperheit\u00e4 on t\u00e4ll\u00e4 hetkell\u00e4 vajaa [&hellip;]<\/p>\n","protected":false},"author":1,"featured_media":0,"parent":0,"menu_order":0,"comment_status":"closed","ping_status":"closed","template":"","meta":{"ngg_post_thumbnail":0,"footnotes":""},"class_list":["post-20","page","type-page","status-publish","hentry"],"_links":{"self":[{"href":"https:\/\/www.eppulit.fi\/index.php?rest_route=\/wp\/v2\/pages\/20","targetHints":{"allow":["GET"]}}],"collection":[{"href":"https:\/\/www.eppulit.fi\/index.php?rest_route=\/wp\/v2\/pages"}],"about":[{"href":"https:\/\/www.eppulit.fi\/index.php?rest_route=\/wp\/v2\/types\/page"}],"author":[{"embeddable":true,"href":"https:\/\/www.eppulit.fi\/index.php?rest_route=\/wp\/v2\/users\/1"}],"replies":[{"embeddable":true,"href":"https:\/\/www.eppulit.fi\/index.php?rest_route=%2Fwp%2Fv2%2Fcomments&post=20"}],"version-history":[{"count":18,"href":"https:\/\/www.eppulit.fi\/index.php?rest_route=\/wp\/v2\/pages\/20\/revisions"}],"predecessor-version":[{"id":263,"href":"https:\/\/www.eppulit.fi\/index.php?rest_route=\/wp\/v2\/pages\/20\/revisions\/263"}],"wp:attachment":[{"href":"https:\/\/www.eppulit.fi\/index.php?rest_route=%2Fwp%2Fv2%2Fmedia&parent=20"}],"curies":[{"name":"wp","href":"https:\/\/api.w.org\/{rel}","templated":true}]}}